{"id":2,"date":"2019-06-05T11:39:57","date_gmt":"2019-06-05T11:39:57","guid":{"rendered":"http:\/\/www.jassejunkkari.fi\/?page_id=2"},"modified":"2024-01-16T06:17:42","modified_gmt":"2024-01-16T06:17:42","slug":"etusivu","status":"publish","type":"page","link":"https:\/\/www.jassejunkkari.fi\/","title":{"rendered":"Etusivu"},"content":{"rendered":"\n<p><\/p>\n\n\n\n<h2>Ottelija<\/h2>\n\n\n\n<p>&#8221;<em><strong>Junkkari uskalsi n\u00e4ytt\u00e4\u00e4 taitonsa, luonteensa ja kun voitto tuli nopeasti kuristuksella, h\u00e4n uskalsi my\u00f6s juhlia sit\u00e4. <\/strong><\/em><br><em><strong>Ponnistus h\u00e4kin reunalle, huudatusta.&#8221; <\/strong><\/em><br><em><strong>~ Tuomas Kyr\u00f6, Urheilukirja<\/strong><\/em><\/p>\n\n\n\n<figure class=\"wp-block-image size-large ImageCenter\"><img loading=\"lazy\" width=\"1024\" height=\"340\" src=\"https:\/\/www.jassejunkkari.fi\/wp-content\/uploads\/2022\/12\/Jasse-Junkkari-ottelee-1024x340.jpg\" alt=\"Jasse Junkkari ottelee\" class=\"wp-image-143\" srcset=\"https:\/\/www.jassejunkkari.fi\/wp-content\/uploads\/2022\/12\/Jasse-Junkkari-ottelee-1024x340.jpg 1024w, https:\/\/www.jassejunkkari.fi\/wp-content\/uploads\/2022\/12\/Jasse-Junkkari-ottelee-300x100.jpg 300w, https:\/\/www.jassejunkkari.fi\/wp-content\/uploads\/2022\/12\/Jasse-Junkkari-ottelee-768x255.jpg 768w, https:\/\/www.jassejunkkari.fi\/wp-content\/uploads\/2022\/12\/Jasse-Junkkari-ottelee.jpg 1281w\" sizes=\"(max-width: 1024px) 100vw, 1024px\" \/><\/figure>\n\n\n\n<p><\/p>\n\n\n\n<p>Aloitin ottelijaurani Yhdysvalloissa vuonna 2001. Kilpailin vaihto-oppilasvuotenani painissa edustaen kouluani mm. Kalifornian mestaruuskisoissa.<br>Suomeen palattuani jatkoin ottelemista lajeissa brasilialainen jujutsu, lukkopaini ja shootfighting (nykyaikaisen vapaaottelun esimuoto).<br>Vuonna 2004 aloitin urani ammattivapaaottelijana. Matsasin kovimmissa kotimaisissa otteluilloissa Fight Festivalissa ja Cagessa. Vapaaottelun ohella jatkoin kisaamista muissakin lajeissa. Vuonna 2007 voitin potkunyrkkeilyn Suomen mestaruuden ja 2010 Hokutoryu jujutsun Suomen mestaruuden. Vuonna 2010 edustin Suomea Kyokushin karaten World Cupissa Esteponassa Espanjassa. Ottelut k\u00e4ytiin h\u00e4rk\u00e4taisteluareenalla auringon ja Dolph Lungrenin katseen alla.<\/p>\n\n\n\n<p>Vapaaottelutilasto: 8-2<br>Ju-jutsu: SM1<br>Potkunyrkkeily: SM1<br>Lukkopaini: Finnish Open voittaja<br> <br>Toistaiseksi viimeisimm\u00e4n vapaaotteluni otin vuonna 2018 Thaimaassa hiekkakent\u00e4ll\u00e4 ven\u00e4l\u00e4ist\u00e4 ammattilaisottelijaa vastaan. T\u00e4st\u00e4 ep\u00e4virallisesta matsista kuvattiin otteluvideo, joka l\u00f6ytyy YouTubesta otsikolla \u201dRussian Fighter vs Finland bodyguard, Crazy Fight!!!!\u201d. Videota on katsottu jo l\u00e4hes kuusi miljoonaa kertaa.<br><\/p>\n\n\n\n<p>Aktiiviaikoinani minut tunnettiin aggressiivisesta ottelutyylist\u00e4 sek\u00e4 n\u00e4ytt\u00e4vist\u00e4 sis\u00e4\u00e4ntuloista, joista ansaitsin tulla mainituksi Tuomas Kyr\u00f6n Urheilukirjassa:<br><em>\u201dEnsimm\u00e4inen todellinen persoona astui h\u00e4kkiin nelj\u00e4nness\u00e4 ottelussa. Se oli rentoutta samuraiasussa, kun Jasse Junkkari laskeutui portaita, pys\u00e4htyi ja veti miekan esiin. Yleis\u00f6 innostui, totinen tappelu tarvitsee vastapainokseen kevennyst\u00e4, joka saa meid\u00e4t unohtamaan, ett\u00e4 h\u00e4kist\u00e4 pirskahtelee ihan oikeaa verta. Junkkari uskalsi n\u00e4ytt\u00e4\u00e4 taitonsa, luonteensa, ja kun voitto tuli nopeasti kuristuksella, h\u00e4n uskalsi my\u00f6s juhlia sit\u00e4. Ponnistus h\u00e4kin reunalle, huudatusta.\u201d<\/em><\/p>\n\n\n\n<h2>Oppilas<\/h2>\n\n\n\n<p>Kamppailulajit ovat olleet intohimoni lapsesta saakka. Aloitin 7-vuotiaana it\u00e4maisten kamppailulajien harjoittelun Ninjakilpikonnien ja Karate Kidin innoittamana. Kokeilin karatea, aikidoa, judoa, taidoa, taekwondoa, eskrimaa ja ninjutsua. Lainasin ja luin kirjastosta kaikki kamppailulajeja k\u00e4sittelev\u00e4t kirjat. Parikymppisen\u00e4 kotiuduin Helsingin GB Gymille, kamppailu-urheilun huippuseuraan, josta l\u00f6ysin itselleni hyvi\u00e4 treenikavereita, valmentajia ja yst\u00e4vi\u00e4. Vuonna 2004 juuri avatulle salillemme tuli ohjaamaan seminaaria Demian Maia, silloinen moninkertainen BJJ:n maailmanmestari, nykyinen UFC- t\u00e4hti. Demian on yksi esikuvistani sek\u00e4 teknisen\u00e4 ottelijana ett\u00e4 suoraselk\u00e4isen\u00e4 ihmisen\u00e4, ja olen kiitollinen siit\u00e4, ett\u00e4 voin kutsua h\u00e4nt\u00e4 yst\u00e4v\u00e4kseni. Vuonna 2016 sain Maialta brasilialaisen jujutsun mustan vy\u00f6n. Kehollinen harjoittelu ja tiedollinen opiskelu on minun kohdallani kulkeneet k\u00e4si k\u00e4dess\u00e4. Varsinkin kamppailulajien historia ja filosofia ovat aina kiehtoneet minua. T\u00e4ll\u00e4 hetkell\u00e4 harjoittelenkin my\u00f6s vanhoja japanilaisia asetaitoja perinteisess\u00e4 Katori Shinto-ryu koulukunnassa ja kirjoitan kirjaa jujutsun historiasta Suomessa.<\/p>\n\n\n\n<h2>Opettaja<\/h2>\n\n\n\n<p>Olen toiminut ohjaajana GB Gymill\u00e4 vuodesta 2004, eli seuran perustamisesta asti. Olen ohjannut vapaaottelua, lukkopainia, brasilialaista jujutsua \u2013 niin alkeiskursseja kuin jatko- ja nuorisoryhmi\u00e4kin. V\u00e4lill\u00e4 py\u00f6ritin omaa kamppailusalia Espanjassa. T\u00e4ll\u00e4 hetkell\u00e4 ohjaan GB&nbsp;Gymill\u00e4 potkunyrkkeily\u00e4 ja kehit\u00e4n itse\u00e4ni valmentajana Suomen Potkunyrkkeilyliiton valmentaja- ja ohjaajakoulutuksissa. Olen oppinut ja saanut kamppailulajeista niin paljon, ett\u00e4 haluan jakaa monien eri tavoin tietojani ja taitojani muille kamppailusta kiinnostuneille.\n<a name=\"seminaarit\"><\/a><\/p>\n\n\n\n<h2>Seminaarit ja yksityistunnit<\/h2>\n\n\n\n<p>Olen parinkymmenen vuoden ajan antanut kamppailuopetusta erilaisille ryhmille ja yksityisille henkil\u00f6ille: ammattiurheilijoille, sotilaille, vanginvartijoille, liikuntarajoitteisille, naisille, miehille, lapsille ja aikuisille. Erikoisalaani ovat suositut kamppailulajit vapaaottelu, potkunyrkkeily, lukkopaini ja brasilialainen jujutsu. Historiallista jujutsua ja catch-painia olen tutkinut, harjoitellut ja opettanut yli kymmenen vuotta \u2013 tiet\u00e4\u00e4kseni ainoana suomalaisena. Opetan my\u00f6s itsepuolustusta. Uskon, ett\u00e4 yksikin seminaari tai yksityistunti voi kohottaa huomattavasti osallistujan kyky\u00e4 pit\u00e4\u00e4 puoliaan aggressiivisesti k\u00e4ytt\u00e4ytyv\u00e4\u00e4 tai p\u00e4\u00e4llek\u00e4yv\u00e4\u00e4 henkil\u00f6\u00e4 vastaan, kun keskityt\u00e4\u00e4n periksiantamattomaan asenteeseen sek\u00e4 suoraviivaisiin ja luonnollisiin vastahy\u00f6kk\u00e4yksiin. Polttareihin minut on monesti tilattu ottamaan leikkimielist\u00e4 er\u00e4\u00e4 juhlakalun kanssa.<\/p>\n\n\n\n<p>Yksityistunteja varten minulla on Helsingin Vuosaaressa pieni kotisali. K\u00e4yt\u00f6ss\u00e4 ovat tatamit, ly\u00f6ntipallo, thai-p\u00e4dit, potkutyyny ja harjoitusaseita. T\u00e4m\u00e4 on hyv\u00e4 vaihtoehto, kun haluaa h\u00e4iri\u00f6tt\u00f6m\u00e4sti ja yksityisesti harjoitella tekniikkaa ja drillaamista sopivana ajankohtana. Reippaampia otteluharjoituksia varten voidaan menn\u00e4 treenaamaan esimerkiksi Siilitien GB Gymille tai Myllypuron Liikuntamyllyyn, kun saleissa on tilaa. K\u00e4yt\u00e4n oppimisen tueksi ja kehityksen seurantaan videokuvaamista asiakkaan niin tahtoessa.<\/p>\n\n\n\n<p><strong>Hinnasto<\/strong><br>Yksil\u00f6opetus: 1h 85 \u20ac<br>Opetus kahdelle: 1h 150 \u20ac<br>Seminaarit ryhmille: 2h 250 \u20ac ja 4h 400 \u20ac<br>Polttarisparri: 160 \u20ac<\/p>\n\n\n\n<h2>Projektini ja sosiaalinen media<\/h2>\n\n\n\n<p>T\u00e4ll\u00e4 hetkell\u00e4 kirjoitan kirjaa jujutsun historiasta ja tutkin catch-painin historiaa seuraavaa kirjaani varten. Vanhempia artikkeleitani voit lukea <a href=\"https:\/\/jassejunkkari.blogspot.com\/?view=classic\" target=\"_blank\" rel=\"noreferrer noopener\">t\u00e4\u00e4lt\u00e4 \u00bb<\/a>. Pid\u00e4n jatkuvasti yll\u00e4 paini- ja jujutsutaitojani. T\u00e4ht\u00e4\u00e4n harjoittelussani my\u00f6s potkunyrkkeilyn mustaan vy\u00f6h\u00f6n, jota varten minun pit\u00e4\u00e4 kehitt\u00e4\u00e4 tekniikkaa, liikkuvuutta ja kuntoa armottomasti. Seuraa minua <a href=\"https:\/\/www.youtube.com\/channel\/UCx6ZFJXAPwGTpRvG6JM7gzQ\" target=\"_blank\" rel=\"noreferrer noopener\">YouTubessa \u00bb<\/a> <a name=\"contact\"><\/a><\/p>\n\n\n\n<p><strong>Ota yhteytt\u00e4:<\/strong><br>jassejunkkari@gmail.com<br>045 895 0000 <a name=\"lausunnot\"><\/a><\/p>\n\n\n\n<h2>Lausuntoja valmennuksistani<\/h2>\n\n\n\n<p><em>\u201dA student and friend for almost 20 years. I know Jasse since 2004 when I visit Finland for the first time and he was still a white belt. He was always very interested in the historical and philosophical part of the martial arts, a deep researcher of that. And also a tough fighter who competed in BJJ, MMA and Kickboxing. So, he\u2019s one of the few martial artists who understand all the aspects of the fighting game, practice, theory and history. I\u2019m glad to have given him all his BJJ belts.\u201d<\/em><br>~ Demian Maia, UFC star, ADCC and BJJ World Champion&#8221;<br><br><em>&#8221;Jassen yks\u00e4riss\u00e4 oli parasta selke\u00e4sti mietitty juoni ja kokonaisuus sek\u00e4 hyv\u00e4 pedagoginen ote ohjauksessa. Ik\u00e4\u00e4n ja sukupuoleen ja l\u00e4ht\u00f6tasoon katsomatta sai antoisaa, opettavaa ja kehitt\u00e4v\u00e4\u00e4 valmennusta.&#8221;<\/em><br>~ Salla, potkunyrkkeilij\u00e4<\/p>\n\n\n\n<p><em>&#8221;Jasse on kokenut pitk\u00e4n linjan kamppailu-urheilija, joka jo aikanaan kisaajana oli arvostettu. My\u00f6hemmin valmentajana ty\u00f6h\u00f6ns\u00e4 eritt\u00e4in omistanut, tiedonhaluinen ja osaava. Jassen kanssa yhteisty\u00f6 on luotettavaa ja mukavaa!&#8221;<\/em><br>~ Juha Saurama, valmentaja J\u00e4rvenp\u00e4\u00e4n Keh\u00e4karhut, kouluttaja Suomen Potkunyrkkeilyliitto, Maailman paras valmentaja (W.A.K.O) vuonna 2019, Euroopan paras valmentaja (W.A.K.O) vuonna 2022<\/p>\n\n\n\n<p><em>&#8221;Jasse on vet\u00e4nyt meill\u00e4 useita seminaareja catch-painin osalta, on asiaan eritt\u00e4in syv\u00e4llisesti paneutunut opettaja. Jasse on t\u00e4m\u00e4n lis\u00e4ksi &#8221;k\u00e4velev\u00e4 tietosanakirja&#8221; painin historiaan, ja seminaarin lomassa oppii paljon tekniikoiden taustoista ja historiasta. Seminaarit ovat olleet hienoja kokonaisuuksia ja hauskaa on ollut.<\/em><br>~ Kristian Salo, BJJ-mustavy\u00f6<\/p>\n\n\n\n<p><em>&#8221;Olen harrastanut brasilialaista jujutsua ja judoa kohtuullisen pitk\u00e4\u00e4n. Minulla on ollut monenlaisia vaivoja ja vuosirenkaitakin on jo paljon. Ty\u00f6skentelen psykiatriassa, joten toimivat ja v\u00e4kivallattomat tekniikat ovat t\u00e4rkeit\u00e4. Jasse on osannut ottaa edell\u00e4 mainitut asiat huomioon opetuksessa. Koenkin, ett\u00e4 h\u00e4n on itsepuolustusalueen huomioimisessa paras mahdollinen valmentaja. Voin l\u00e4mm\u00f6ll\u00e4 suositella h\u00e4nen palvelujaan.&#8221;<\/em><br>~ Kai Ojala, sairaalapappi<\/p>\n\n\n\n<p>&#8221;<em>Jasse on hyv\u00e4 valmentaja, jolla on ainutlaatuinen perspektiivi jujutsuun. Omaankin painimiseen on vaikuttanut tosi paljon se, ett\u00e4 Jasse on ollut yksi ensimm\u00e4isist\u00e4 koutseistani lajissa.&#8221;<\/em><br>~ Konsta Koivisto, brasilialaisen jujutsun Suomen mestari ruskea-mustav\u00f6isten sarjassa, omassa ja avoimessa painoluokassa 2022<\/p>\n\n\n\n<p><em>&#8221;Jassen seminaarit sopivat loistavasti niin kokeneelle kuin aloittelevalle harjoittelijalle. Seminaarin kokonaisuus oli eritt\u00e4in hyvin rakennettu.&#8221;<\/em><br>~ Riku, BJJ-mustavy\u00f6, Vantaan vankilan p\u00e4\u00e4voimank\u00e4yt\u00f6n kouluttaja 2005\u20132015<\/p>\n","protected":false},"excerpt":{"rendered":"<p>Ottelija &#8221;Junkkari uskalsi n\u00e4ytt\u00e4\u00e4 taitonsa, luonteensa ja kun voitto tuli nopeasti kuristuksella, h\u00e4n uskalsi my\u00f6s juhlia sit\u00e4. Ponnistus h\u00e4kin reunalle,<\/p>\n<p><a href=\"https:\/\/www.jassejunkkari.fi\/\" class=\"more-link\">Continue reading<span class=\"screen-reader-text\">Etusivu<\/span><\/a><\/p>\n","protected":false},"author":1,"featured_media":0,"parent":0,"menu_order":0,"comment_status":"closed","ping_status":"open","template":"templates\/full-width-page.php","meta":[],"yoast_head":"<!-- This site is optimized with the Yoast SEO plugin v19.13 - https:\/\/yoast.com\/wordpress\/plugins\/seo\/ -->\n<title>Etusivu - Jasse Junkkari<\/title>\n<meta name=\"description\" content=\"Yksityis- ja ryhm\u00e4tunnit sek\u00e4 seminaarit huippuvalmentajalta: vapaaottelu, potkunyrkkeily, lukkopaini ja brasilialainen jujutsu.\" \/>\n<meta name=\"robots\" content=\"index, follow, max-snippet:-1, max-image-preview:large, max-video-preview:-1\" \/>\n<link rel=\"canonical\" href=\"https:\/\/www.jassejunkkari.fi\/\" \/>\n<meta property=\"og:locale\" content=\"fi_FI\" \/>\n<meta property=\"og:type\" content=\"article\" \/>\n<meta property=\"og:title\" content=\"Etusivu - Jasse Junkkari\" \/>\n<meta property=\"og:description\" content=\"Yksityis- ja ryhm\u00e4tunnit sek\u00e4 seminaarit huippuvalmentajalta: vapaaottelu, potkunyrkkeily, lukkopaini ja brasilialainen jujutsu.\" \/>\n<meta property=\"og:url\" content=\"https:\/\/www.jassejunkkari.fi\/\" \/>\n<meta property=\"og:site_name\" content=\"Jasse Junkkari\" \/>\n<meta property=\"article:modified_time\" content=\"2024-01-16T06:17:42+00:00\" \/>\n<meta property=\"og:image\" content=\"https:\/\/www.jassejunkkari.fi\/wp-content\/uploads\/2022\/12\/Jasse-Junkkari-ottelee-1024x340.jpg\" \/>\n<meta name=\"twitter:card\" content=\"summary_large_image\" \/>\n<meta name=\"twitter:label1\" content=\"Arvioitu lukuaika\" \/>\n\t<meta name=\"twitter:data1\" content=\"7 minuuttia\" \/>\n<script type=\"application\/ld+json\" class=\"yoast-schema-graph\">{\"@context\":\"https:\/\/schema.org\",\"@graph\":[{\"@type\":\"WebPage\",\"@id\":\"https:\/\/www.jassejunkkari.fi\/\",\"url\":\"https:\/\/www.jassejunkkari.fi\/\",\"name\":\"Etusivu - Jasse Junkkari\",\"isPartOf\":{\"@id\":\"https:\/\/www.jassejunkkari.fi\/#website\"},\"datePublished\":\"2019-06-05T11:39:57+00:00\",\"dateModified\":\"2024-01-16T06:17:42+00:00\",\"description\":\"Yksityis- ja ryhm\u00e4tunnit sek\u00e4 seminaarit huippuvalmentajalta: vapaaottelu, potkunyrkkeily, lukkopaini ja brasilialainen jujutsu.\",\"breadcrumb\":{\"@id\":\"https:\/\/www.jassejunkkari.fi\/#breadcrumb\"},\"inLanguage\":\"fi\",\"potentialAction\":[{\"@type\":\"ReadAction\",\"target\":[\"https:\/\/www.jassejunkkari.fi\/\"]}]},{\"@type\":\"BreadcrumbList\",\"@id\":\"https:\/\/www.jassejunkkari.fi\/#breadcrumb\",\"itemListElement\":[{\"@type\":\"ListItem\",\"position\":1,\"name\":\"Etusivu\",\"item\":\"https:\/\/www.jassejunkkari.fi\/\"},{\"@type\":\"ListItem\",\"position\":2,\"name\":\"Etusivu\"}]},{\"@type\":\"WebSite\",\"@id\":\"https:\/\/www.jassejunkkari.fi\/#website\",\"url\":\"https:\/\/www.jassejunkkari.fi\/\",\"name\":\"Jasse Junkkari\",\"description\":\"Ottelija, oppilas, opettaja - kamppailija\",\"potentialAction\":[{\"@type\":\"SearchAction\",\"target\":{\"@type\":\"EntryPoint\",\"urlTemplate\":\"https:\/\/www.jassejunkkari.fi\/?s={search_term_string}\"},\"query-input\":\"required name=search_term_string\"}],\"inLanguage\":\"fi\"}]}<\/script>\n<!-- \/ Yoast SEO plugin. -->","yoast_head_json":{"title":"Etusivu - Jasse Junkkari","description":"Yksityis- ja ryhm\u00e4tunnit sek\u00e4 seminaarit huippuvalmentajalta: vapaaottelu, potkunyrkkeily, lukkopaini ja brasilialainen jujutsu.","robots":{"index":"index","follow":"follow","max-snippet":"max-snippet:-1","max-image-preview":"max-image-preview:large","max-video-preview":"max-video-preview:-1"},"canonical":"https:\/\/www.jassejunkkari.fi\/","og_locale":"fi_FI","og_type":"article","og_title":"Etusivu - Jasse Junkkari","og_description":"Yksityis- ja ryhm\u00e4tunnit sek\u00e4 seminaarit huippuvalmentajalta: vapaaottelu, potkunyrkkeily, lukkopaini ja brasilialainen jujutsu.","og_url":"https:\/\/www.jassejunkkari.fi\/","og_site_name":"Jasse Junkkari","article_modified_time":"2024-01-16T06:17:42+00:00","og_image":[{"url":"https:\/\/www.jassejunkkari.fi\/wp-content\/uploads\/2022\/12\/Jasse-Junkkari-ottelee-1024x340.jpg"}],"twitter_card":"summary_large_image","twitter_misc":{"Arvioitu lukuaika":"7 minuuttia"},"schema":{"@context":"https:\/\/schema.org","@graph":[{"@type":"WebPage","@id":"https:\/\/www.jassejunkkari.fi\/","url":"https:\/\/www.jassejunkkari.fi\/","name":"Etusivu - Jasse Junkkari","isPartOf":{"@id":"https:\/\/www.jassejunkkari.fi\/#website"},"datePublished":"2019-06-05T11:39:57+00:00","dateModified":"2024-01-16T06:17:42+00:00","description":"Yksityis- ja ryhm\u00e4tunnit sek\u00e4 seminaarit huippuvalmentajalta: vapaaottelu, potkunyrkkeily, lukkopaini ja brasilialainen jujutsu.","breadcrumb":{"@id":"https:\/\/www.jassejunkkari.fi\/#breadcrumb"},"inLanguage":"fi","potentialAction":[{"@type":"ReadAction","target":["https:\/\/www.jassejunkkari.fi\/"]}]},{"@type":"BreadcrumbList","@id":"https:\/\/www.jassejunkkari.fi\/#breadcrumb","itemListElement":[{"@type":"ListItem","position":1,"name":"Etusivu","item":"https:\/\/www.jassejunkkari.fi\/"},{"@type":"ListItem","position":2,"name":"Etusivu"}]},{"@type":"WebSite","@id":"https:\/\/www.jassejunkkari.fi\/#website","url":"https:\/\/www.jassejunkkari.fi\/","name":"Jasse Junkkari","description":"Ottelija, oppilas, opettaja - kamppailija","potentialAction":[{"@type":"SearchAction","target":{"@type":"EntryPoint","urlTemplate":"https:\/\/www.jassejunkkari.fi\/?s={search_term_string}"},"query-input":"required name=search_term_string"}],"inLanguage":"fi"}]}},"_links":{"self":[{"href":"https:\/\/www.jassejunkkari.fi\/index.php\/wp-json\/wp\/v2\/pages\/2"}],"collection":[{"href":"https:\/\/www.jassejunkkari.fi\/index.php\/wp-json\/wp\/v2\/pages"}],"about":[{"href":"https:\/\/www.jassejunkkari.fi\/index.php\/wp-json\/wp\/v2\/types\/page"}],"author":[{"embeddable":true,"href":"https:\/\/www.jassejunkkari.fi\/index.php\/wp-json\/wp\/v2\/users\/1"}],"replies":[{"embeddable":true,"href":"https:\/\/www.jassejunkkari.fi\/index.php\/wp-json\/wp\/v2\/comments?post=2"}],"version-history":[{"count":57,"href":"https:\/\/www.jassejunkkari.fi\/index.php\/wp-json\/wp\/v2\/pages\/2\/revisions"}],"predecessor-version":[{"id":176,"href":"https:\/\/www.jassejunkkari.fi\/index.php\/wp-json\/wp\/v2\/pages\/2\/revisions\/176"}],"wp:attachment":[{"href":"https:\/\/www.jassejunkkari.fi\/index.php\/wp-json\/wp\/v2\/media?parent=2"}],"curies":[{"name":"wp","href":"https:\/\/api.w.org\/{rel}","templated":true}]}}